{"id":409,"date":"2019-01-26T09:29:57","date_gmt":"2019-01-26T08:29:57","guid":{"rendered":"http:\/\/molihua.de\/ingolf\/wordpress\/?page_id=409"},"modified":"2025-02-10T15:55:14","modified_gmt":"2025-02-10T14:55:14","slug":"ueber-mich-2","status":"publish","type":"page","link":"https:\/\/ingolf-baur.de\/index.php\/ueber-mich-2\/","title":{"rendered":"\u00dcber mich"},"content":{"rendered":"\n<div class=\"video-container\">\n<iframe src=\"https:\/\/www.youtube.com\/embed\/nt5LzFZ5EHs\" allowfullscreen=\"allowfullscreen\" frameborder=\"0\"><\/iframe>\n<\/div>\n\n<p>Ich habe an der Universit\u00e4t Hamburg Physik, Astronomie und Biophysik studiert, habe eine private klassische Gesangsausbildung absolviert und ein bisschen an der Hamburger Oper und in Theatern gearbeitet. Seit vielen Jahren bin ich im Team der Wissenschaftsredaktionen des S\u00fcdwestrundfunks Baden-Baden, 3sat in Mainz und der Deutschen Welle in Berlin, vor und hinter der Kamera. \n\n<!-- Aber erz\u00e4hlt das wirklich viel von mir? Vielleicht verr\u00e4t ja der Fragebogen nach Marcel Proust mehr:<\/p>\n<p>[slide-anything id='724']<\/p> -->\n\n\n\n<h2 class=\"wp-block-heading\">Menschen, die mich beeindruckt haben<\/h2>\n\n\n\n<div class=\"wp-block-columns has-2-columns is-layout-flex wp-container-core-columns-is-layout-9d6595d7 wp-block-columns-is-layout-flex\">\n<div class=\"wp-block-column is-layout-flow wp-block-column-is-layout-flow\">\n<figure class=\"wp-block-image\"><img loading=\"lazy\" decoding=\"async\" width=\"1024\" height=\"576\" src=\"http:\/\/molihua.de\/ingolf\/wordpress\/wp-content\/uploads\/2019\/12\/james-lovelock-1024x576.jpg\" alt=\"\" class=\"wp-image-710\" srcset=\"https:\/\/ingolf-baur.de\/wp-content\/uploads\/2019\/12\/james-lovelock-1024x576.jpg 1024w, https:\/\/ingolf-baur.de\/wp-content\/uploads\/2019\/12\/james-lovelock-300x169.jpg 300w, https:\/\/ingolf-baur.de\/wp-content\/uploads\/2019\/12\/james-lovelock-768x432.jpg 768w\" sizes=\"auto, (max-width: 767px) 89vw, (max-width: 1000px) 54vw, (max-width: 1071px) 543px, 580px\" \/><\/figure>\n\n\n\n<h3 class=\"wp-block-heading\">James Lovelock<\/h3>\n\n\n\n<p>Er hat mir vermittelt wie alle Systeme, ob Meere, Leben, Atmosph\u00e4re oder Geologie auf der Erde miteinander verbunden sind. Er nennt das Gaia. Ein unglaublich wacher Geist. Mittlerweile \u00fcber 100!<\/p>\n<\/div>\n\n\n\n<div class=\"wp-block-column is-layout-flow wp-block-column-is-layout-flow\">\n<figure class=\"wp-block-image\"><img loading=\"lazy\" decoding=\"async\" width=\"1024\" height=\"576\" src=\"http:\/\/molihua.de\/ingolf\/wordpress\/wp-content\/uploads\/2019\/12\/jane-goodall-1024x576.png\" alt=\"\" class=\"wp-image-709\" srcset=\"https:\/\/ingolf-baur.de\/wp-content\/uploads\/2019\/12\/jane-goodall-1024x576.png 1024w, https:\/\/ingolf-baur.de\/wp-content\/uploads\/2019\/12\/jane-goodall-300x169.png 300w, https:\/\/ingolf-baur.de\/wp-content\/uploads\/2019\/12\/jane-goodall-768x432.png 768w, https:\/\/ingolf-baur.de\/wp-content\/uploads\/2019\/12\/jane-goodall.png 1440w\" sizes=\"auto, (max-width: 767px) 89vw, (max-width: 1000px) 54vw, (max-width: 1071px) 543px, 580px\" \/><\/figure>\n\n\n\n<h3 class=\"wp-block-heading\"> Jane Goodall <\/h3>\n\n\n\n<p>Seit Jahrzehnten k\u00e4mpft sie f\u00fcr das \u00dcberleben der Schimpansen und aller unserer Mitkreaturen. Es war erstaunlich, wie sie sich beim Betreten des T\u00fcbinger Regenwaldhauses verwandelte und von einem engagierten Medienprofi zu einer ber\u00fchrbaren Naturliebhaberin wurde. <\/p>\n<\/div>\n<\/div>\n\n\n\n<div class=\"wp-block-columns has-2-columns is-layout-flex wp-container-core-columns-is-layout-9d6595d7 wp-block-columns-is-layout-flex\">\n<div class=\"wp-block-column is-layout-flow wp-block-column-is-layout-flow\">\n<figure class=\"wp-block-image\"><img loading=\"lazy\" decoding=\"async\" width=\"1024\" height=\"576\" src=\"http:\/\/molihua.de\/ingolf\/wordpress\/wp-content\/uploads\/2019\/12\/Aubrey-de-Gray-1024x576.jpg\" alt=\"\" class=\"wp-image-715\" srcset=\"https:\/\/ingolf-baur.de\/wp-content\/uploads\/2019\/12\/Aubrey-de-Gray-1024x576.jpg 1024w, https:\/\/ingolf-baur.de\/wp-content\/uploads\/2019\/12\/Aubrey-de-Gray-300x169.jpg 300w, https:\/\/ingolf-baur.de\/wp-content\/uploads\/2019\/12\/Aubrey-de-Gray-768x432.jpg 768w, https:\/\/ingolf-baur.de\/wp-content\/uploads\/2019\/12\/Aubrey-de-Gray.jpg 1920w\" sizes=\"auto, (max-width: 767px) 89vw, (max-width: 1000px) 54vw, (max-width: 1071px) 543px, 580px\" \/><\/figure>\n\n\n\n<h3 class=\"wp-block-heading\"> Aubrey de Gray<\/h3>\n\n\n\n<p> Man sollte den Alternsforscher nicht untersch\u00e4tzen. Hinter seinem Fusselbart steckt ein sehr heller Kopf, der mit dem Geld des Paypal Gr\u00fcnders Peter Thiel in Kalifornien ein Institut unterh\u00e4lt, das versucht, das Altern zu verstehen und aufzuhalten. Uns hat er eine Stunde seiner Lebenszeit geschenkt, dann brauchte er dringend ein Bier.  <\/p>\n<\/div>\n\n\n\n<div class=\"wp-block-column is-layout-flow wp-block-column-is-layout-flow\">\n<figure class=\"wp-block-image\"><img loading=\"lazy\" decoding=\"async\" width=\"1024\" height=\"576\" src=\"http:\/\/molihua.de\/ingolf\/wordpress\/wp-content\/uploads\/2019\/12\/Hilda-Jaffee-1024x576.png\" alt=\"\" class=\"wp-image-716\" srcset=\"https:\/\/ingolf-baur.de\/wp-content\/uploads\/2019\/12\/Hilda-Jaffee-1024x576.png 1024w, https:\/\/ingolf-baur.de\/wp-content\/uploads\/2019\/12\/Hilda-Jaffee-300x169.png 300w, https:\/\/ingolf-baur.de\/wp-content\/uploads\/2019\/12\/Hilda-Jaffee-768x432.png 768w, https:\/\/ingolf-baur.de\/wp-content\/uploads\/2019\/12\/Hilda-Jaffee.png 1440w\" sizes=\"auto, (max-width: 767px) 89vw, (max-width: 1000px) 54vw, (max-width: 1071px) 543px, 580px\" \/><\/figure>\n\n\n\n<h3 class=\"wp-block-heading\"> Hilda Jaffee <\/h3>\n\n\n\n<p>New Yorkerin, die Frank Sinatra geh\u00f6rt hat als er noch gar nicht ber\u00fchmt war. Heute ist sie 96 und kein bisschen lebensm\u00fcde. Neugierig, wissend, fidel. Beim Spaziergang am Times Square war ich schneller als sie m\u00fcde.<\/p>\n<\/div>\n<\/div>\n\n\n\n<div class=\"wp-block-columns has-2-columns is-layout-flex wp-container-core-columns-is-layout-9d6595d7 wp-block-columns-is-layout-flex\">\n<div class=\"wp-block-column is-layout-flow wp-block-column-is-layout-flow\">\n<figure class=\"wp-block-image\"><img loading=\"lazy\" decoding=\"async\" width=\"1024\" height=\"576\" src=\"http:\/\/molihua.de\/ingolf\/wordpress\/wp-content\/uploads\/2019\/12\/Jesper_Juul-1-1024x576.jpg\" alt=\"\" class=\"wp-image-718\" srcset=\"https:\/\/ingolf-baur.de\/wp-content\/uploads\/2019\/12\/Jesper_Juul-1-1024x576.jpg 1024w, https:\/\/ingolf-baur.de\/wp-content\/uploads\/2019\/12\/Jesper_Juul-1-300x169.jpg 300w, https:\/\/ingolf-baur.de\/wp-content\/uploads\/2019\/12\/Jesper_Juul-1-768x432.jpg 768w, https:\/\/ingolf-baur.de\/wp-content\/uploads\/2019\/12\/Jesper_Juul-1.jpg 1280w\" sizes=\"auto, (max-width: 767px) 89vw, (max-width: 1000px) 54vw, (max-width: 1071px) 543px, 580px\" \/><\/figure>\n\n\n\n<h3 class=\"wp-block-heading\">Jesper Juul<\/h3>\n\n\n\n<p>Der\nErziehungspapst aus D\u00e4nemark, geplagt von seiner Erkrankung aber mit\nunglaublichem Mitgef\u00fchl f\u00fcr die N\u00f6te aller Erziehenden. Ich fand beeindruckend, wie er den unbedingten Respekt vor Kindern eingefordert hat. <\/p>\n<\/div>\n\n\n\n<div class=\"wp-block-column is-layout-flow wp-block-column-is-layout-flow\">\n<figure class=\"wp-block-image\"><img loading=\"lazy\" decoding=\"async\" width=\"1024\" height=\"576\" src=\"http:\/\/molihua.de\/ingolf\/wordpress\/wp-content\/uploads\/2020\/01\/george-church-1024x576.png\" alt=\"\" class=\"wp-image-871\" srcset=\"https:\/\/ingolf-baur.de\/wp-content\/uploads\/2020\/01\/george-church-1024x576.png 1024w, https:\/\/ingolf-baur.de\/wp-content\/uploads\/2020\/01\/george-church-300x169.png 300w, https:\/\/ingolf-baur.de\/wp-content\/uploads\/2020\/01\/george-church-768x432.png 768w, https:\/\/ingolf-baur.de\/wp-content\/uploads\/2020\/01\/george-church.png 1440w\" sizes=\"auto, (max-width: 767px) 89vw, (max-width: 1000px) 54vw, (max-width: 1071px) 543px, 580px\" \/><\/figure>\n\n\n\n<h3 class=\"wp-block-heading\">George Church<\/h3>\n\n\n\n<p>Der\nWissenschaftler aus Harvard, der als Universalgenie durchgehen w\u00fcrde. Mich hat beeindruckt, wie umfassend er die Umgestaltung des Menschen betrachtet: Vom Gene-Editing, \u00fcber Organspenden vom Tier, wiedererweckte Mammuts bis hin zu Lebenskapseln f\u00fcr menschliche Auswanderer, die in der Atmosph\u00e4re der Venus treiben. Ein bisschen Wahnsinn geh\u00f6rt eben dazu.<\/p>\n<\/div>\n<\/div>\n\n\n\n<div class=\"wp-block-columns has-2-columns is-layout-flex wp-container-core-columns-is-layout-9d6595d7 wp-block-columns-is-layout-flex\">\n<div class=\"wp-block-column is-layout-flow wp-block-column-is-layout-flow\">\n<figure class=\"wp-block-image\"><img loading=\"lazy\" decoding=\"async\" width=\"1024\" height=\"576\" src=\"http:\/\/molihua.de\/ingolf\/wordpress\/wp-content\/uploads\/2019\/12\/ingolf-Baur-mit-Steve-Hsu-1024x576.jpg\" alt=\"\" class=\"wp-image-722\" srcset=\"https:\/\/ingolf-baur.de\/wp-content\/uploads\/2019\/12\/ingolf-Baur-mit-Steve-Hsu-1024x576.jpg 1024w, https:\/\/ingolf-baur.de\/wp-content\/uploads\/2019\/12\/ingolf-Baur-mit-Steve-Hsu-300x169.jpg 300w, https:\/\/ingolf-baur.de\/wp-content\/uploads\/2019\/12\/ingolf-Baur-mit-Steve-Hsu-768x432.jpg 768w, https:\/\/ingolf-baur.de\/wp-content\/uploads\/2019\/12\/ingolf-Baur-mit-Steve-Hsu.jpg 1440w\" sizes=\"auto, (max-width: 767px) 89vw, (max-width: 1000px) 54vw, (max-width: 1071px) 543px, 580px\" \/><\/figure>\n\n\n\n<h3 class=\"wp-block-heading\">Steve Hsu<\/h3>\n\n\n\n<p>Physikprofessor aus Michigan, der mit Simulationsprogrammen aus der Physik gelernt hat, auch komplexe Eigenschaften aus unseren Genen zu lesen. Sehr sehr l\u00e4ssiger Typ, der\nvoraussagt, dass in China bald schon Intelligenzgene manipuliert werden.<\/p>\n<\/div>\n\n\n\n<div class=\"wp-block-column is-layout-flow wp-block-column-is-layout-flow\"><\/div>\n<\/div>\n","protected":false},"excerpt":{"rendered":"<p>Ich habe an der Universit\u00e4t Hamburg Physik, Astronomie und Biophysik studiert, habe eine private klassische Gesangsausbildung absolviert und ein bisschen an der Hamburger Oper und in Theatern gearbeitet. Seit vielen Jahren bin ich im Team der Wissenschaftsredaktionen des S\u00fcdwestrundfunks Baden-Baden, 3sat in Mainz und der Deutschen Welle in Berlin, vor und hinter der Kamera. Menschen, &hellip; <\/p>\n<p class=\"link-more\"><a href=\"https:\/\/ingolf-baur.de\/index.php\/ueber-mich-2\/\" class=\"more-link\"><span class=\"screen-reader-text\">\u201e\u00dcber mich\u201c <\/span>weiterlesen<\/a><\/p>\n","protected":false},"author":1,"featured_media":1656,"parent":0,"menu_order":0,"comment_status":"closed","ping_status":"closed","template":"","meta":{"inline_featured_image":false,"footnotes":""},"class_list":["post-409","page","type-page","status-publish","has-post-thumbnail","hentry"],"_links":{"self":[{"href":"https:\/\/ingolf-baur.de\/index.php\/wp-json\/wp\/v2\/pages\/409","targetHints":{"allow":["GET"]}}],"collection":[{"href":"https:\/\/ingolf-baur.de\/index.php\/wp-json\/wp\/v2\/pages"}],"about":[{"href":"https:\/\/ingolf-baur.de\/index.php\/wp-json\/wp\/v2\/types\/page"}],"author":[{"embeddable":true,"href":"https:\/\/ingolf-baur.de\/index.php\/wp-json\/wp\/v2\/users\/1"}],"replies":[{"embeddable":true,"href":"https:\/\/ingolf-baur.de\/index.php\/wp-json\/wp\/v2\/comments?post=409"}],"version-history":[{"count":25,"href":"https:\/\/ingolf-baur.de\/index.php\/wp-json\/wp\/v2\/pages\/409\/revisions"}],"predecessor-version":[{"id":1699,"href":"https:\/\/ingolf-baur.de\/index.php\/wp-json\/wp\/v2\/pages\/409\/revisions\/1699"}],"wp:featuredmedia":[{"embeddable":true,"href":"https:\/\/ingolf-baur.de\/index.php\/wp-json\/wp\/v2\/media\/1656"}],"wp:attachment":[{"href":"https:\/\/ingolf-baur.de\/index.php\/wp-json\/wp\/v2\/media?parent=409"}],"curies":[{"name":"wp","href":"https:\/\/api.w.org\/{rel}","templated":true}]}}