{"id":422,"date":"2019-01-26T09:53:46","date_gmt":"2019-01-26T08:53:46","guid":{"rendered":"http:\/\/molihua.de\/ingolf\/wordpress\/?page_id=422"},"modified":"2020-05-13T04:02:02","modified_gmt":"2020-05-13T02:02:02","slug":"filmautor","status":"publish","type":"page","link":"https:\/\/ingolf-baur.de\/index.php\/filmautor\/","title":{"rendered":"Filmautor"},"content":{"rendered":"<p>Dokumentarfilme und Fernseh-Reportagen zu gestalten geh\u00f6rt zum Besten, was es gibt. Hier ein paar Beispiele aus den letzten Jahren.<\/p>\n\n\n<div class=\"wp-block-columns has-2-columns is-layout-flex wp-container-core-columns-is-layout-9d6595d7 wp-block-columns-is-layout-flex\">\n<div class=\"wp-block-column is-layout-flow wp-block-column-is-layout-flow\">\n<div class=\"video-container\"><figure class=\"wp-block-image\"><a href=\"https:\/\/www.zdf.de\/dokumentation\/planet-e\/planet-e-tresor-fuer-co2-100.html\" target=\"_blank\" rel=\"noreferrer noopener\"><img loading=\"lazy\" decoding=\"async\" width=\"1024\" height=\"575\" src=\"https:\/\/ingolf-baur.de\/wp-content\/uploads\/2020\/05\/tresor-1-1024x575.png\" alt=\"\" class=\"wp-image-1579\" srcset=\"https:\/\/ingolf-baur.de\/wp-content\/uploads\/2020\/05\/tresor-1-1024x575.png 1024w, https:\/\/ingolf-baur.de\/wp-content\/uploads\/2020\/05\/tresor-1-300x169.png 300w, https:\/\/ingolf-baur.de\/wp-content\/uploads\/2020\/05\/tresor-1-768x432.png 768w, https:\/\/ingolf-baur.de\/wp-content\/uploads\/2020\/05\/tresor-1.png 1710w\" sizes=\"auto, (max-width: 767px) 89vw, (max-width: 1000px) 54vw, (max-width: 1071px) 543px, 580px\" \/><figcaption>Video wird auf zdf.de geladen.<\/figcaption><\/a><\/figure><\/div>\n<\/div>\n\n\n\n<div class=\"wp-block-column is-layout-flow wp-block-column-is-layout-flow\">\n<h3 class=\"wp-block-heading\">Tresor f\u00fcr CO2 &#8211;  <br>Wie Norwegen den Klimawandel bek\u00e4mpft                    <\/h3>\n\n\n\n<p>So richtig beruhigend ist die Idee nicht, Klimagase im Millionen Tonnen Ma\u00dfstab unter der Nordsee zu versenken. Bleibt es wirklich unten?  Sollten wir nicht lieber CO2 erst gar nicht in die Atmosph\u00e4re pumpen? Ist das Ganze nur dazu da, das Leben der \u00d6lindustrie zu \u00a0verl\u00e4ngern?  Alle drei Fragen kann man mit ja beantworten und trotzdem brauchen wir  diese sog. Carbon, Capture and Storage Technologie h\u00f6chstwahrscheinlich.<br><\/p>\n<\/div>\n<\/div>\n\n\n\n<div class=\"wp-block-columns has-2-columns is-layout-flex wp-container-core-columns-is-layout-9d6595d7 wp-block-columns-is-layout-flex\">\n<div class=\"wp-block-column is-layout-flow wp-block-column-is-layout-flow\">\n<div class=\"video-container\"><iframe src=\"https:\/\/www.youtube-nocookie.com\/embed\/6WagfeHzOHo\" allow=\"accelerometer; autoplay; encrypted-media; gyroscope; picture-in-picture\" allowfullscreen=\"\" frameborder=\"0\"><\/iframe>\n<\/div>\n<\/div>\n\n\n\n<div class=\"wp-block-column is-layout-flow wp-block-column-is-layout-flow\">\n<h3 class=\"wp-block-heading\" id=\"mce_19\">Reparatur der Erde<\/h3>\n\n\n\n<p> Was  wenn es nichts wird mit dem Klimaschutz? Ist es nicht h\u00f6chste Zeit \u00fcber einen Notfallrettungsplan nachzudenken? Climate engineering nennt sich das Forschungsfeld, die gezielte Manipulation des Klimas. Die Idee: Wir schicken Flugzeugflotten weltweit bis in die Stratosph\u00e4re, die dort im Millionen Tonnen Ma\u00dfstab Schwefelteilchen auskippen, um die Erde zu k\u00fchlen. Man kann nur hoffen, dass wir das nie brauchen.<\/p>\n<\/div>\n<\/div>\n\n\n\n<div class=\"wp-block-columns has-2-columns is-layout-flex wp-container-core-columns-is-layout-9d6595d7 wp-block-columns-is-layout-flex\">\n<div class=\"wp-block-column is-layout-flow wp-block-column-is-layout-flow\">\n<div class=\"video-container\"><iframe src=\"https:\/\/www.youtube-nocookie.com\/embed\/Q2VkV2Tj2lA\" allow=\"accelerometer; autoplay; encrypted-media; gyroscope; picture-in-picture\" allowfullscreen=\"\" frameborder=\"0\"><\/iframe><\/div>\n<\/div>\n\n\n\n<div class=\"wp-block-column is-layout-flow wp-block-column-is-layout-flow\">\n<h3 class=\"wp-block-heading\" id=\"mce_25\">Klimaretter<\/h3>\n\n\n\n<p>Ja, ihr m\u00f6gt vielleicht ein bisschen besser sein als ich mit meinen 17 Tonnen, s\u00fcndigen tut ihr garantiert auch: Und zwar als Klimakiller mit  euren CO2-Emissionen. Also wohin mit meinem schlechten Gewissen? Weil verzichten so schwer ist, und ich mir einen Ausstieg aus der Konsum- und Mobilit\u00e4tswelt doch (noch) nicht vorstellen kann &#8211; so wie unser Protagonist Marius in seiner Jurte &#8211; gehe ich erst mal den  leichteren Weg und mache mein Ringen um einen klimagerechten Lebensstil transparent.\u00a0 <\/p>\n<\/div>\n<\/div>\n\n\n\n<div class=\"wp-block-columns has-2-columns is-layout-flex wp-container-core-columns-is-layout-9d6595d7 wp-block-columns-is-layout-flex\">\n<div class=\"wp-block-column is-layout-flow wp-block-column-is-layout-flow\">\n<div class=\"video-container\"><iframe src=\"https:\/\/www.youtube-nocookie.com\/embed\/S1_3nIA1JFY\" frameborder=\"0\" allow=\"accelerometer; autoplay; encrypted-media; gyroscope; picture-in-picture\" allowfullscreen><\/iframe><\/iframe><\/div>\n<\/div>\n\n\n\n<div class=\"wp-block-column is-layout-flow wp-block-column-is-layout-flow\">\n<h3 class=\"wp-block-heading\" id=\"mce_33\">Uralt und Blut-jung<\/h3>\n\n\n\n<p>Selten hat mich eine Filmproduktion so mitgenommen. Wir sind um den halben Globus gereist, um zu erfahren, wann die Forscher endlich  das Altern aufhalten k\u00f6nnen. Wie weit die Sache mit dem Jungbrunnen eigentlich ist. Seither esse ich keinen Kuchen mehr, selbst vor Spaghetti hab ich Respekt, da Kohlenhydrate den IGF 1 Stoffwechsel  ankurbeln, was alt macht. Und ich checke regelm\u00e4\u00dfig, ob Jungblut-Plasma  als Medikament zugelassen wird. (Alte M\u00e4use lassen sich mit jungem Blut verj\u00fcngen.) Das Thema l\u00e4sst mich nicht mehr los. Und ich vermute, es  wird so bleiben, bis der Deckel sich schlie\u00dft. <br><\/p>\n<\/div>\n<\/div>\n\n\n\n<div class=\"wp-block-columns has-2-columns is-layout-flex wp-container-core-columns-is-layout-9d6595d7 wp-block-columns-is-layout-flex\">\n<div class=\"wp-block-column is-layout-flow wp-block-column-is-layout-flow\">\n<div class=\"video-container\"><iframe src=\"https:\/\/www.youtube-nocookie.com\/embed\/JJZnOuAdN5Q\" allow=\"accelerometer; autoplay; encrypted-media; gyroscope; picture-in-picture\" allowfullscreen=\"\" frameborder=\"0\"><\/iframe><\/div>\n<\/div>\n\n\n\n<div class=\"wp-block-column is-layout-flow wp-block-column-is-layout-flow\">\n<h3 class=\"wp-block-heading\" id=\"mce_39\">Die Erziehungskrise<\/h3>\n\n\n\n<p>Ich habe seit vielen Jahren Kinder und frage mich noch immer: Wie geht das eigentlich mit dem Erziehen? Um endlich eine Antwort zu bekommen, ohne mich durch kilometerlange Ratgeberliteratur zu w\u00fchlen, habe ich einen Film f\u00fcr 3sat gemacht. Ich war daf\u00fcr in Korea und habe mir angeschaut, wie eine Gesellschaft ihre Kinder verheizt, habe eine Familie besucht, die Erziehung f\u00fcr  Manipulation h\u00e4lt und einen Tag im  Heim mit sogenannten verhaltensoriginellen Kinder verbracht. Und ich habe mir beim Guru unter den Erziehungsexperten Rat geholt: Bei Jesper Juul. Alles in Allem, wei\u00df  ich immer noch nicht wie Erziehen geht, aber ich  kann jetzt viel besser begr\u00fcnden, wenn es nicht klappt. <br><\/p>\n<\/div>\n<\/div>\n\n\n\n<div class=\"wp-block-columns has-2-columns is-layout-flex wp-container-core-columns-is-layout-9d6595d7 wp-block-columns-is-layout-flex\">\n<div class=\"wp-block-column is-layout-flow wp-block-column-is-layout-flow\">\n<div class=\"video-container\"><iframe src=\"https:\/\/www.youtube-nocookie.com\/embed\/GbR4TjsNpDU\" allow=\"accelerometer; autoplay; encrypted-media; gyroscope; picture-in-picture\" allowfullscreen=\"\" frameborder=\"0\"><\/iframe><\/div>\n<\/div>\n\n\n\n<div class=\"wp-block-column is-layout-flow wp-block-column-is-layout-flow\">\n<h3 class=\"wp-block-heading\" id=\"mce_46\">Sind wir noch zu retten? <\/h3>\n\n\n\n<p>Eigentlich war mir ja von Anfang an schon klar, dass dies kein nano spezial mit Happy End werden w\u00fcrde, aber es hat mich doch geschockt zu h\u00f6ren, wie wir unsere Lebensgrundlagen bereits ruiniert haben: Andy Purvis, einem der profiliertesten britischen \u00d6kologen ist am Ende unseres Interviews st\u00e4ndig die Stimme  gebrochen: Er kann es nicht fassen, wie der Mensch trotz aller Warnungen die letzten verbliebenen unber\u00fchrten \u00d6kosysteme ruiniert. James Lovelock, der 97-j\u00e4hrige gro\u00dfartige Universalgelehrte hat bereits abgeschlossen mit der Menschheit. Einzig Jane Goodall hat Mut gemacht: Die Schimpansenforscherin und Umweltaktivistin glaubt fest daran, dass  wir mit einer \u00d6korevolution von unten doch noch zu retten seien. <br><\/p>\n<\/div>\n<\/div>\n\n\n\n<div class=\"wp-block-columns has-2-columns is-layout-flex wp-container-core-columns-is-layout-9d6595d7 wp-block-columns-is-layout-flex\">\n<div class=\"wp-block-column is-layout-flow wp-block-column-is-layout-flow\">\n<div class=\"video-container\"><iframe src=\"https:\/\/www.youtube-nocookie.com\/embed\/C00yKeaXogQ\" allow=\"accelerometer; autoplay; encrypted-media; gyroscope; picture-in-picture\" allowfullscreen=\"\" frameborder=\"0\"><\/iframe><\/div>\n<\/div>\n\n\n\n<div class=\"wp-block-column is-layout-flow wp-block-column-is-layout-flow\">\n<h3 class=\"wp-block-heading\" id=\"mce_53\">Robo sapiens <\/h3>\n\n\n\n<p>Das  war eine der skurrilsten Situationen, die ich je erlebt habe: Matt  McMullen, Sexpuppen-Hersteller aus San Diego, Harmony und ich diskutieren. Skurril, weil Harmony eine robotische Puppe aus Silikon ist, ausgestattet mit k\u00fcnstlicher Intelligenz. Harmony sah zwar bescheuert aus in Ihrem Stars-and-Stripes Bikini, aber sie hat gar nicht so doof geredet. Wir Menschen werden Konkurrenz bekommen in der Zukunft. Darin waren sich alle einig, die wir interviewt haben. Die Entwicklungen in der k\u00fcnstlichen Intelligenz \u00fcberschlagen sich. Die   Maschinen lernen intuitiv zu denken. Schneller als wir sind sie eh schon und ihr Ged\u00e4chtnis ist unendlich erweiterbar. Was also sollte sie aufhalten?<\/p>\n<\/div>\n<\/div>\n\n\n\n<div class=\"wp-block-columns has-2-columns is-layout-flex wp-container-core-columns-is-layout-9d6595d7 wp-block-columns-is-layout-flex\">\n<div class=\"wp-block-column is-layout-flow wp-block-column-is-layout-flow\">\n<div class=\"video-container\"><iframe src=\"https:\/\/www.youtube-nocookie.com\/embed\/xflXGdd_n6I\" allow=\"accelerometer; autoplay; encrypted-media; gyroscope; picture-in-picture\" allowfullscreen=\"\" frameborder=\"0\"><\/iframe><\/div>\n<\/div>\n\n\n\n<div class=\"wp-block-column is-layout-flow wp-block-column-is-layout-flow\">\n<h3 class=\"wp-block-heading\" id=\"mce_60\">Der perfekte Mensch <\/h3>\n\n\n\n<p>Ich glaube, es geht los. Die Genlotterie  per Sex ist bald out. Unsere Kinder kommen dann stattdessen aus dem  Labor. Ich h\u00e4tte nie geglaubt, dass f\u00fcr die amerikanische Genforscherszene das Designerbaby nur noch eine Frage der Zeit ist. Und  zwar wenig Zeit. Seit man mit CRISPR das Erbgut so simpel umschreiben kann wie einen Text im Rechner, ist dort ein Hype ausgebrochen. Es ist einerseits zum Gruseln, andererseits konnte ich mich der Euphorie irgendwann kaum mehr entziehen. Warum nicht, wenn sich so vielleicht  Krebs und Fettleibigkeit und MS und HIV und Malaria und schlechtes  Aussehen und und und f\u00fcr immer heilen und verbannen l\u00e4sst?  <\/p>\n<\/div>\n<\/div>\n\n\n\n<div class=\"wp-block-columns has-2-columns is-layout-flex wp-container-core-columns-is-layout-9d6595d7 wp-block-columns-is-layout-flex\">\n<div class=\"wp-block-column is-layout-flow wp-block-column-is-layout-flow\">\n<div class=\"video-container\"><iframe src=\"https:\/\/www.youtube-nocookie.com\/embed\/zkgNNiXywEo\" allow=\"accelerometer; autoplay; encrypted-media; gyroscope; picture-in-picture\" allowfullscreen=\"\" frameborder=\"0\"><\/iframe><\/div>\n<\/div>\n\n\n\n<div class=\"wp-block-column is-layout-flow wp-block-column-is-layout-flow\">\n<h3 class=\"wp-block-heading\" id=\"mce_67\">Z\u00fcchters Traum <\/h3>\n\n\n\n<p>Die neue Gentechnikmethode CRISPR stellt in der Tier- und Pflanzenzucht alle bisherigen M\u00f6glichkeiten in den  Schatten stellt. H\u00f6rner von K\u00fchen  genetisch wegzuzaubern ist dabei noch  der kleinste Trick. Die Landwirtschaft ver\u00e4ndert sich mit unglaublicher  Geschwindigkeit. Ein Trip zwischen Traum und Albtraum.  <\/p>\n<\/div>\n<\/div>\n\n\n\n<div class=\"wp-block-columns has-2-columns is-layout-flex wp-container-core-columns-is-layout-9d6595d7 wp-block-columns-is-layout-flex\">\n<div class=\"wp-block-column is-layout-flow wp-block-column-is-layout-flow\">\n<div class=\"video-container\"><iframe src=\"https:\/\/www.youtube-nocookie.com\/embed\/uGYwRtI3Oq4\" allow=\"accelerometer; autoplay; encrypted-media; gyroscope; picture-in-picture\" allowfullscreen=\"\" frameborder=\"0\"><\/iframe><\/div>\n<\/div>\n\n\n\n<div class=\"wp-block-column is-layout-flow wp-block-column-is-layout-flow\">\n<h3 class=\"wp-block-heading\" id=\"mce_74\">Mann, Frau &#8211; egal <\/h3>\n\n\n\n<p>Ich hab\u2019s gemacht. Ich war Frau. Zwar nur f\u00fcr einen Tag, aber immerhin. Und es war gro\u00dfartig: Es gab Blicke ohne Ende, Aufmerksamkeit bis zum Abwinken, viel Watte f\u00fcr die Eitelkeit und am Ende Blasen an den F\u00fc\u00dfen von den Highheels. Ergebnis meines Selbstversuchs: Es ist geil Frau zu sein, meine Geschlechtsidentit\u00e4t l\u00e4sst sich aber nicht so leicht aufs Glatteis f\u00fchren. Ich bin in Sachen Geschlechtsempfinden eine total langweilige Nummer. Es gibt deutlich mehr als Mann und Frau und   irgendetwas dazwischen als ich es f\u00fcr m\u00f6glich gehalten hatte.<\/p>\n<\/div>\n<\/div>\n\n\n\n<div class=\"wp-block-columns has-2-columns is-layout-flex wp-container-core-columns-is-layout-9d6595d7 wp-block-columns-is-layout-flex\">\n<div class=\"wp-block-column is-layout-flow wp-block-column-is-layout-flow\">\n<div class=\"video-container\"><iframe src=\"https:\/\/www.youtube-nocookie.com\/embed\/9FaoChX_s0Y\" allow=\"accelerometer; autoplay; encrypted-media; gyroscope; picture-in-picture\" allowfullscreen=\"\" frameborder=\"0\"><\/iframe><\/div>\n<\/div>\n\n\n\n<div class=\"wp-block-column is-layout-flow wp-block-column-is-layout-flow\">\n<h3 class=\"wp-block-heading\" id=\"mce_81\">Pimp my brain <\/h3>\n\n\n\n<p>Fernsehen mag bl\u00f6d machen. Fernsehen machen, nicht! Um herauszufinden, ob sich Intelligenz steigern l\u00e4sst, hab ich mein Gehirn unter Strom setzen lassen, habe Pillen geschluckt und Ged\u00e4chtnistechniken trainiert. Das Ergebnis war&#8230; \u00fcberraschend.  <\/p>\n<\/div>\n<\/div>\n","protected":false},"excerpt":{"rendered":"<p>Dokumentarfilme und Fernseh-Reportagen zu gestalten geh\u00f6rt zum Besten, was es gibt. Hier ein paar Beispiele aus den letzten Jahren. Video wird auf zdf.de geladen. Tresor f\u00fcr CO2 &#8211; Wie Norwegen den Klimawandel bek\u00e4mpft So richtig beruhigend ist die Idee nicht, Klimagase im Millionen Tonnen Ma\u00dfstab unter der Nordsee zu versenken. Bleibt es wirklich unten? Sollten &hellip; <\/p>\n<p class=\"link-more\"><a href=\"https:\/\/ingolf-baur.de\/index.php\/filmautor\/\" class=\"more-link\"><span class=\"screen-reader-text\">\u201eFilmautor\u201c <\/span>weiterlesen<\/a><\/p>\n","protected":false},"author":1,"featured_media":0,"parent":0,"menu_order":0,"comment_status":"closed","ping_status":"closed","template":"","meta":{"inline_featured_image":false,"footnotes":""},"class_list":["post-422","page","type-page","status-publish","hentry"],"_links":{"self":[{"href":"https:\/\/ingolf-baur.de\/index.php\/wp-json\/wp\/v2\/pages\/422","targetHints":{"allow":["GET"]}}],"collection":[{"href":"https:\/\/ingolf-baur.de\/index.php\/wp-json\/wp\/v2\/pages"}],"about":[{"href":"https:\/\/ingolf-baur.de\/index.php\/wp-json\/wp\/v2\/types\/page"}],"author":[{"embeddable":true,"href":"https:\/\/ingolf-baur.de\/index.php\/wp-json\/wp\/v2\/users\/1"}],"replies":[{"embeddable":true,"href":"https:\/\/ingolf-baur.de\/index.php\/wp-json\/wp\/v2\/comments?post=422"}],"version-history":[{"count":35,"href":"https:\/\/ingolf-baur.de\/index.php\/wp-json\/wp\/v2\/pages\/422\/revisions"}],"predecessor-version":[{"id":1615,"href":"https:\/\/ingolf-baur.de\/index.php\/wp-json\/wp\/v2\/pages\/422\/revisions\/1615"}],"wp:attachment":[{"href":"https:\/\/ingolf-baur.de\/index.php\/wp-json\/wp\/v2\/media?parent=422"}],"curies":[{"name":"wp","href":"https:\/\/api.w.org\/{rel}","templated":true}]}}